
{"id":46375,"date":"2023-06-11T15:29:10","date_gmt":"2023-06-11T12:29:10","guid":{"rendered":"https:\/\/ghi.aub.edu.lb\/GHLAD\/?post_type=product&#038;p=46375"},"modified":"2026-01-13T10:49:38","modified_gmt":"2026-01-13T07:49:38","slug":"budgetisation-gestion-financiere-et-strategies-dattenuation-des-risques-pour-les-ong","status":"publish","type":"product","link":"https:\/\/ghi.aub.edu.lb\/GHLAD\/shop\/budgetisation-gestion-financiere-et-strategies-dattenuation-des-risques-pour-les-ong\/","title":{"rendered":"Budg\u00e9tisation, Gestion Financi\u00e8re et Strat\u00e9gies d\u2019Att\u00e9nuation des Risques pour les ONG"},"content":{"rendered":"<p>Ce cours est con\u00e7u pour doter les participants des principes fondamentaux, des outils et des strat\u00e9gies n\u00e9cessaires \u00e0 la planification financi\u00e8re, \u00e0 la budg\u00e9tisation et \u00e0 la gestion des risques pour la gestion des organisations \u00e0 but non lucratif. Ce cours vous fournira \u00e9galement des strat\u00e9gies pour une gestion efficace et une \u00e9valuation rapide des risques. trouver des fa\u00e7ons de pivoter et de s\u2019adapter aux environnements changeants afin que les dirigeants du secteur sans but lucratiflucratif puissent b\u00e2tir des organisations r\u00e9silientes mieux outill\u00e9es pour cr\u00e9er un impact social positif et r\u00e9aliser leur mission.<\/p>\n","protected":false},"excerpt":{"rendered":"<p>Ce cours est con\u00e7u pour doter les participants des principes fondamentaux, des outils et des strat\u00e9gies n\u00e9cessaires \u00e0 la planification financi\u00e8re, \u00e0 la budg\u00e9tisation et \u00e0 la gestion des risques pour la gestion des organisations \u00e0 but non lucratif. Ce [&hellip;]<\/p>\n","protected":false},"featured_media":46379,"template":"","meta":{"_acf_changed":false,"_monsterinsights_skip_tracking":false,"_monsterinsights_sitenote_active":false,"_monsterinsights_sitenote_note":"","_monsterinsights_sitenote_category":0},"product_brand":[],"product_cat":[252,249,236,141,246],"product_tag":[229],"class_list":["product","first","instock","featured","virtual","sold-individually","purchasable","product-type-simple"],"acf":[],"yoast_head":"<!-- This site is optimized with the Yoast SEO plugin v25.5 - https:\/\/yoast.com\/wordpress\/plugins\/seo\/ -->\n<title>Budg\u00e9tisation, Gestion Financi\u00e8re et Strat\u00e9gies d\u2019Att\u00e9nuation des Risques pour les ONG - GHI Academy - GHLAD<\/title>\n<meta name=\"robots\" content=\"index, follow, max-snippet:-1, max-image-preview:large, max-video-preview:-1\" \/>\n<link rel=\"canonical\" href=\"https:\/\/ghi.aub.edu.lb\/GHLAD\/shop\/budgetisation-gestion-financiere-et-strategies-dattenuation-des-risques-pour-les-ong\/\" \/>\n<meta property=\"og:locale\" content=\"en_US\" \/>\n<meta property=\"og:type\" content=\"article\" \/>\n<meta property=\"og:title\" content=\"Budg\u00e9tisation, Gestion Financi\u00e8re et Strat\u00e9gies d\u2019Att\u00e9nuation des Risques pour les ONG - GHI Academy - GHLAD\" \/>\n<meta property=\"og:description\" content=\"Ce cours est con\u00e7u pour doter les participants des principes fondamentaux, des outils et des strat\u00e9gies n\u00e9cessaires \u00e0 la planification financi\u00e8re, \u00e0 la budg\u00e9tisation et \u00e0 la gestion des risques pour la gestion des organisations \u00e0 but non lucratif. Ce [&hellip;]\" \/>\n<meta property=\"og:url\" content=\"https:\/\/ghi.aub.edu.lb\/GHLAD\/shop\/budgetisation-gestion-financiere-et-strategies-dattenuation-des-risques-pour-les-ong\/\" \/>\n<meta property=\"og:site_name\" content=\"GHI Academy - GHLAD\" \/>\n<meta property=\"article:publisher\" content=\"https:\/\/www.facebook.com\/ghiaub\" \/>\n<meta property=\"article:modified_time\" content=\"2026-01-13T07:49:38+00:00\" \/>\n<meta property=\"og:image\" content=\"https:\/\/media-ghlad.ghi.aub.edu.lb\/wp-content\/uploads\/2024\/06\/11153003\/financial-resilience-2.png\" \/>\n\t<meta property=\"og:image:width\" content=\"600\" \/>\n\t<meta property=\"og:image:height\" content=\"400\" \/>\n\t<meta property=\"og:image:type\" content=\"image\/png\" \/>\n<meta name=\"twitter:card\" content=\"summary_large_image\" \/>\n<meta name=\"twitter:site\" content=\"@ghiaub\" \/>\n<meta name=\"twitter:label1\" content=\"Est. reading time\" \/>\n\t<meta name=\"twitter:data1\" content=\"1 minute\" \/>\n<script type=\"application\/ld+json\" class=\"yoast-schema-graph\">{\"@context\":\"https:\/\/schema.org\",\"@graph\":[{\"@type\":\"WebPage\",\"@id\":\"https:\/\/ghi.aub.edu.lb\/GHLAD\/shop\/budgetisation-gestion-financiere-et-strategies-dattenuation-des-risques-pour-les-ong\/\",\"url\":\"https:\/\/ghi.aub.edu.lb\/GHLAD\/shop\/budgetisation-gestion-financiere-et-strategies-dattenuation-des-risques-pour-les-ong\/\",\"name\":\"Budg\u00e9tisation, Gestion Financi\u00e8re et Strat\u00e9gies d\u2019Att\u00e9nuation des Risques pour les ONG - GHI Academy - GHLAD\",\"isPartOf\":{\"@id\":\"https:\/\/ghi.aub.edu.lb\/GHLAD\/#website\"},\"primaryImageOfPage\":{\"@id\":\"https:\/\/ghi.aub.edu.lb\/GHLAD\/shop\/budgetisation-gestion-financiere-et-strategies-dattenuation-des-risques-pour-les-ong\/#primaryimage\"},\"image\":{\"@id\":\"https:\/\/ghi.aub.edu.lb\/GHLAD\/shop\/budgetisation-gestion-financiere-et-strategies-dattenuation-des-risques-pour-les-ong\/#primaryimage\"},\"thumbnailUrl\":\"https:\/\/media-ghlad.ghi.aub.edu.lb\/wp-content\/uploads\/2024\/06\/11153003\/financial-resilience-2.png\",\"datePublished\":\"2023-06-11T12:29:10+00:00\",\"dateModified\":\"2026-01-13T07:49:38+00:00\",\"breadcrumb\":{\"@id\":\"https:\/\/ghi.aub.edu.lb\/GHLAD\/shop\/budgetisation-gestion-financiere-et-strategies-dattenuation-des-risques-pour-les-ong\/#breadcrumb\"},\"inLanguage\":\"en-US\",\"potentialAction\":[{\"@type\":\"ReadAction\",\"target\":[\"https:\/\/ghi.aub.edu.lb\/GHLAD\/shop\/budgetisation-gestion-financiere-et-strategies-dattenuation-des-risques-pour-les-ong\/\"]}]},{\"@type\":\"ImageObject\",\"inLanguage\":\"en-US\",\"@id\":\"https:\/\/ghi.aub.edu.lb\/GHLAD\/shop\/budgetisation-gestion-financiere-et-strategies-dattenuation-des-risques-pour-les-ong\/#primaryimage\",\"url\":\"https:\/\/media-ghlad.ghi.aub.edu.lb\/wp-content\/uploads\/2024\/06\/11153003\/financial-resilience-2.png\",\"contentUrl\":\"https:\/\/media-ghlad.ghi.aub.edu.lb\/wp-content\/uploads\/2024\/06\/11153003\/financial-resilience-2.png\",\"width\":600,\"height\":400},{\"@type\":\"BreadcrumbList\",\"@id\":\"https:\/\/ghi.aub.edu.lb\/GHLAD\/shop\/budgetisation-gestion-financiere-et-strategies-dattenuation-des-risques-pour-les-ong\/#breadcrumb\",\"itemListElement\":[{\"@type\":\"ListItem\",\"position\":1,\"name\":\"Home\",\"item\":\"https:\/\/ghi.aub.edu.lb\/GHLAD\/\"},{\"@type\":\"ListItem\",\"position\":2,\"name\":\"Shop\",\"item\":\"https:\/\/ghi.aub.edu.lb\/GHLAD\/shop\/\"},{\"@type\":\"ListItem\",\"position\":3,\"name\":\"Budg\u00e9tisation, Gestion Financi\u00e8re et Strat\u00e9gies d\u2019Att\u00e9nuation des Risques pour les ONG\"}]},{\"@type\":\"WebSite\",\"@id\":\"https:\/\/ghi.aub.edu.lb\/GHLAD\/#website\",\"url\":\"https:\/\/ghi.aub.edu.lb\/GHLAD\/\",\"name\":\"GHI Academy - GHLAD\",\"description\":\"Global Health Learning and Development Platform\",\"publisher\":{\"@id\":\"https:\/\/ghi.aub.edu.lb\/GHLAD\/#organization\"},\"alternateName\":\"GHI Academy - GHLAD\",\"potentialAction\":[{\"@type\":\"SearchAction\",\"target\":{\"@type\":\"EntryPoint\",\"urlTemplate\":\"https:\/\/ghi.aub.edu.lb\/GHLAD\/?s={search_term_string}\"},\"query-input\":{\"@type\":\"PropertyValueSpecification\",\"valueRequired\":true,\"valueName\":\"search_term_string\"}}],\"inLanguage\":\"en-US\"},{\"@type\":\"Organization\",\"@id\":\"https:\/\/ghi.aub.edu.lb\/GHLAD\/#organization\",\"name\":\"Global Health Institute\",\"url\":\"https:\/\/ghi.aub.edu.lb\/GHLAD\/\",\"logo\":{\"@type\":\"ImageObject\",\"inLanguage\":\"en-US\",\"@id\":\"https:\/\/ghi.aub.edu.lb\/GHLAD\/#\/schema\/logo\/image\/\",\"url\":\"https:\/\/media-ghlad.ghi.aub.edu.lb\/wp-content\/uploads\/2023\/05\/12142923\/GHLAD-NEW-LOGO-4.png\",\"contentUrl\":\"https:\/\/media-ghlad.ghi.aub.edu.lb\/wp-content\/uploads\/2023\/05\/12142923\/GHLAD-NEW-LOGO-4.png\",\"width\":700,\"height\":200,\"caption\":\"Global Health Institute\"},\"image\":{\"@id\":\"https:\/\/ghi.aub.edu.lb\/GHLAD\/#\/schema\/logo\/image\/\"},\"sameAs\":[\"https:\/\/www.facebook.com\/ghiaub\",\"https:\/\/x.com\/ghiaub\",\"https:\/\/www.instagram.com\/ghi_aub\/?hl=en\",\"https:\/\/www.youtube.com\/channel\/UCZEIADpsKmw84HFfRqhZ7PQ\",\"https:\/\/www.instagram.com\/ghiaub\/\",\"https:\/\/www.linkedin.com\/company\/ghiaub\/\"]}]}<\/script>\n<!-- \/ Yoast SEO plugin. -->","yoast_head_json":{"title":"Budg\u00e9tisation, Gestion Financi\u00e8re et Strat\u00e9gies d\u2019Att\u00e9nuation des Risques pour les ONG - GHI Academy - GHLAD","robots":{"index":"index","follow":"follow","max-snippet":"max-snippet:-1","max-image-preview":"max-image-preview:large","max-video-preview":"max-video-preview:-1"},"canonical":"https:\/\/ghi.aub.edu.lb\/GHLAD\/shop\/budgetisation-gestion-financiere-et-strategies-dattenuation-des-risques-pour-les-ong\/","og_locale":"en_US","og_type":"article","og_title":"Budg\u00e9tisation, Gestion Financi\u00e8re et Strat\u00e9gies d\u2019Att\u00e9nuation des Risques pour les ONG - GHI Academy - GHLAD","og_description":"Ce cours est con\u00e7u pour doter les participants des principes fondamentaux, des outils et des strat\u00e9gies n\u00e9cessaires \u00e0 la planification financi\u00e8re, \u00e0 la budg\u00e9tisation et \u00e0 la gestion des risques pour la gestion des organisations \u00e0 but non lucratif. Ce [&hellip;]","og_url":"https:\/\/ghi.aub.edu.lb\/GHLAD\/shop\/budgetisation-gestion-financiere-et-strategies-dattenuation-des-risques-pour-les-ong\/","og_site_name":"GHI Academy - GHLAD","article_publisher":"https:\/\/www.facebook.com\/ghiaub","article_modified_time":"2026-01-13T07:49:38+00:00","og_image":[{"width":600,"height":400,"url":"https:\/\/media-ghlad.ghi.aub.edu.lb\/wp-content\/uploads\/2024\/06\/11153003\/financial-resilience-2.png","type":"image\/png"}],"twitter_card":"summary_large_image","twitter_site":"@ghiaub","twitter_misc":{"Est. reading time":"1 minute"},"schema":{"@context":"https:\/\/schema.org","@graph":[{"@type":"WebPage","@id":"https:\/\/ghi.aub.edu.lb\/GHLAD\/shop\/budgetisation-gestion-financiere-et-strategies-dattenuation-des-risques-pour-les-ong\/","url":"https:\/\/ghi.aub.edu.lb\/GHLAD\/shop\/budgetisation-gestion-financiere-et-strategies-dattenuation-des-risques-pour-les-ong\/","name":"Budg\u00e9tisation, Gestion Financi\u00e8re et Strat\u00e9gies d\u2019Att\u00e9nuation des Risques pour les ONG - GHI Academy - GHLAD","isPartOf":{"@id":"https:\/\/ghi.aub.edu.lb\/GHLAD\/#website"},"primaryImageOfPage":{"@id":"https:\/\/ghi.aub.edu.lb\/GHLAD\/shop\/budgetisation-gestion-financiere-et-strategies-dattenuation-des-risques-pour-les-ong\/#primaryimage"},"image":{"@id":"https:\/\/ghi.aub.edu.lb\/GHLAD\/shop\/budgetisation-gestion-financiere-et-strategies-dattenuation-des-risques-pour-les-ong\/#primaryimage"},"thumbnailUrl":"https:\/\/media-ghlad.ghi.aub.edu.lb\/wp-content\/uploads\/2024\/06\/11153003\/financial-resilience-2.png","datePublished":"2023-06-11T12:29:10+00:00","dateModified":"2026-01-13T07:49:38+00:00","breadcrumb":{"@id":"https:\/\/ghi.aub.edu.lb\/GHLAD\/shop\/budgetisation-gestion-financiere-et-strategies-dattenuation-des-risques-pour-les-ong\/#breadcrumb"},"inLanguage":"en-US","potentialAction":[{"@type":"ReadAction","target":["https:\/\/ghi.aub.edu.lb\/GHLAD\/shop\/budgetisation-gestion-financiere-et-strategies-dattenuation-des-risques-pour-les-ong\/"]}]},{"@type":"ImageObject","inLanguage":"en-US","@id":"https:\/\/ghi.aub.edu.lb\/GHLAD\/shop\/budgetisation-gestion-financiere-et-strategies-dattenuation-des-risques-pour-les-ong\/#primaryimage","url":"https:\/\/media-ghlad.ghi.aub.edu.lb\/wp-content\/uploads\/2024\/06\/11153003\/financial-resilience-2.png","contentUrl":"https:\/\/media-ghlad.ghi.aub.edu.lb\/wp-content\/uploads\/2024\/06\/11153003\/financial-resilience-2.png","width":600,"height":400},{"@type":"BreadcrumbList","@id":"https:\/\/ghi.aub.edu.lb\/GHLAD\/shop\/budgetisation-gestion-financiere-et-strategies-dattenuation-des-risques-pour-les-ong\/#breadcrumb","itemListElement":[{"@type":"ListItem","position":1,"name":"Home","item":"https:\/\/ghi.aub.edu.lb\/GHLAD\/"},{"@type":"ListItem","position":2,"name":"Shop","item":"https:\/\/ghi.aub.edu.lb\/GHLAD\/shop\/"},{"@type":"ListItem","position":3,"name":"Budg\u00e9tisation, Gestion Financi\u00e8re et Strat\u00e9gies d\u2019Att\u00e9nuation des Risques pour les ONG"}]},{"@type":"WebSite","@id":"https:\/\/ghi.aub.edu.lb\/GHLAD\/#website","url":"https:\/\/ghi.aub.edu.lb\/GHLAD\/","name":"GHI Academy - GHLAD","description":"Global Health Learning and Development Platform","publisher":{"@id":"https:\/\/ghi.aub.edu.lb\/GHLAD\/#organization"},"alternateName":"GHI Academy - GHLAD","potentialAction":[{"@type":"SearchAction","target":{"@type":"EntryPoint","urlTemplate":"https:\/\/ghi.aub.edu.lb\/GHLAD\/?s={search_term_string}"},"query-input":{"@type":"PropertyValueSpecification","valueRequired":true,"valueName":"search_term_string"}}],"inLanguage":"en-US"},{"@type":"Organization","@id":"https:\/\/ghi.aub.edu.lb\/GHLAD\/#organization","name":"Global Health Institute","url":"https:\/\/ghi.aub.edu.lb\/GHLAD\/","logo":{"@type":"ImageObject","inLanguage":"en-US","@id":"https:\/\/ghi.aub.edu.lb\/GHLAD\/#\/schema\/logo\/image\/","url":"https:\/\/media-ghlad.ghi.aub.edu.lb\/wp-content\/uploads\/2023\/05\/12142923\/GHLAD-NEW-LOGO-4.png","contentUrl":"https:\/\/media-ghlad.ghi.aub.edu.lb\/wp-content\/uploads\/2023\/05\/12142923\/GHLAD-NEW-LOGO-4.png","width":700,"height":200,"caption":"Global Health Institute"},"image":{"@id":"https:\/\/ghi.aub.edu.lb\/GHLAD\/#\/schema\/logo\/image\/"},"sameAs":["https:\/\/www.facebook.com\/ghiaub","https:\/\/x.com\/ghiaub","https:\/\/www.instagram.com\/ghi_aub\/?hl=en","https:\/\/www.youtube.com\/channel\/UCZEIADpsKmw84HFfRqhZ7PQ","https:\/\/www.instagram.com\/ghiaub\/","https:\/\/www.linkedin.com\/company\/ghiaub\/"]}]}},"_links":{"self":[{"href":"https:\/\/ghi.aub.edu.lb\/GHLAD\/wp-json\/wp\/v2\/product\/46375","targetHints":{"allow":["GET"]}}],"collection":[{"href":"https:\/\/ghi.aub.edu.lb\/GHLAD\/wp-json\/wp\/v2\/product"}],"about":[{"href":"https:\/\/ghi.aub.edu.lb\/GHLAD\/wp-json\/wp\/v2\/types\/product"}],"wp:featuredmedia":[{"embeddable":true,"href":"https:\/\/ghi.aub.edu.lb\/GHLAD\/wp-json\/wp\/v2\/media\/46379"}],"wp:attachment":[{"href":"https:\/\/ghi.aub.edu.lb\/GHLAD\/wp-json\/wp\/v2\/media?parent=46375"}],"wp:term":[{"taxonomy":"product_brand","embeddable":true,"href":"https:\/\/ghi.aub.edu.lb\/GHLAD\/wp-json\/wp\/v2\/product_brand?post=46375"},{"taxonomy":"product_cat","embeddable":true,"href":"https:\/\/ghi.aub.edu.lb\/GHLAD\/wp-json\/wp\/v2\/product_cat?post=46375"},{"taxonomy":"product_tag","embeddable":true,"href":"https:\/\/ghi.aub.edu.lb\/GHLAD\/wp-json\/wp\/v2\/product_tag?post=46375"}],"curies":[{"name":"wp","href":"https:\/\/api.w.org\/{rel}","templated":true}]}}