
{"id":45239,"date":"2023-12-18T09:38:04","date_gmt":"2023-12-18T06:38:04","guid":{"rendered":"https:\/\/ghi.aub.edu.lb\/GHLAD\/?post_type=product&#038;p=45239"},"modified":"2025-11-27T12:08:46","modified_gmt":"2025-11-27T09:08:46","slug":"redaction-de-propositions-et-developpement-des-affaires-pour-les-ong","status":"publish","type":"product","link":"https:\/\/ghi.aub.edu.lb\/GHLAD\/shop\/redaction-de-propositions-et-developpement-des-affaires-pour-les-ong\/","title":{"rendered":"R\u00e9daction de Propositions et D\u00e9veloppement des Affaires Pour les ONG"},"content":{"rendered":"<p>Ce cours vise \u00e0 fournir aux participants les connaissances et les comp\u00e9tences n\u00e9cessaires pour r\u00e9diger des propositions comp\u00e9titives et des budgets d\u00e9taill\u00e9s. Le cours souligne \u00e9galement le r\u00f4le des subventions en tant que principales sources de financement dans le processus de collecte de fonds pratiqu\u00e9 par les Organisation Non Gouvernementale (ONG) et guidera les participants sur la fa\u00e7on selon laquelle il faudra rechercher et identifier les sources de financement potentielles, et comment faire correspondre les sources de financement, y compris les fondations philanthropiques, le secteur priv\u00e9 et les gouvernements \u00e9trangers.<\/p>\n","protected":false},"excerpt":{"rendered":"<p>Ce cours vise \u00e0 fournir aux participants les connaissances et les comp\u00e9tences n\u00e9cessaires pour r\u00e9diger des propositions comp\u00e9titives et des budgets d\u00e9taill\u00e9s. Le cours souligne \u00e9galement le r\u00f4le des subventions en tant que principales sources de financement dans le processus [&hellip;]<\/p>\n","protected":false},"featured_media":46365,"template":"","meta":{"_acf_changed":false,"_monsterinsights_skip_tracking":false,"_monsterinsights_sitenote_active":false,"_monsterinsights_sitenote_note":"","_monsterinsights_sitenote_category":0},"product_brand":[],"product_cat":[252,249,236,141,246,242],"product_tag":[229],"class_list":["product","first","instock","featured","downloadable","virtual","sold-individually","purchasable","product-type-simple"],"acf":[],"yoast_head":"<!-- This site is optimized with the Yoast SEO plugin v25.5 - https:\/\/yoast.com\/wordpress\/plugins\/seo\/ -->\n<title>R\u00e9daction de Propositions et D\u00e9veloppement des Affaires Pour les ONG - GHI Academy - GHLAD<\/title>\n<meta name=\"robots\" content=\"index, follow, max-snippet:-1, max-image-preview:large, max-video-preview:-1\" \/>\n<link rel=\"canonical\" href=\"https:\/\/ghi.aub.edu.lb\/GHLAD\/shop\/redaction-de-propositions-et-developpement-des-affaires-pour-les-ong\/\" \/>\n<meta property=\"og:locale\" content=\"en_US\" \/>\n<meta property=\"og:type\" content=\"article\" \/>\n<meta property=\"og:title\" content=\"R\u00e9daction de Propositions et D\u00e9veloppement des Affaires Pour les ONG - GHI Academy - GHLAD\" \/>\n<meta property=\"og:description\" content=\"Ce cours vise \u00e0 fournir aux participants les connaissances et les comp\u00e9tences n\u00e9cessaires pour r\u00e9diger des propositions comp\u00e9titives et des budgets d\u00e9taill\u00e9s. Le cours souligne \u00e9galement le r\u00f4le des subventions en tant que principales sources de financement dans le processus [&hellip;]\" \/>\n<meta property=\"og:url\" content=\"https:\/\/ghi.aub.edu.lb\/GHLAD\/shop\/redaction-de-propositions-et-developpement-des-affaires-pour-les-ong\/\" \/>\n<meta property=\"og:site_name\" content=\"GHI Academy - GHLAD\" \/>\n<meta property=\"article:publisher\" content=\"https:\/\/www.facebook.com\/ghiaub\" \/>\n<meta property=\"article:modified_time\" content=\"2025-11-27T09:08:46+00:00\" \/>\n<meta property=\"og:image\" content=\"https:\/\/media-ghlad.ghi.aub.edu.lb\/wp-content\/uploads\/2023\/12\/11145924\/Proposal-writing-3.png\" \/>\n\t<meta property=\"og:image:width\" content=\"600\" \/>\n\t<meta property=\"og:image:height\" content=\"400\" \/>\n\t<meta property=\"og:image:type\" content=\"image\/png\" \/>\n<meta name=\"twitter:card\" content=\"summary_large_image\" \/>\n<meta name=\"twitter:site\" content=\"@ghiaub\" \/>\n<meta name=\"twitter:label1\" content=\"Est. reading time\" \/>\n\t<meta name=\"twitter:data1\" content=\"1 minute\" \/>\n<script type=\"application\/ld+json\" class=\"yoast-schema-graph\">{\"@context\":\"https:\/\/schema.org\",\"@graph\":[{\"@type\":\"WebPage\",\"@id\":\"https:\/\/ghi.aub.edu.lb\/GHLAD\/shop\/redaction-de-propositions-et-developpement-des-affaires-pour-les-ong\/\",\"url\":\"https:\/\/ghi.aub.edu.lb\/GHLAD\/shop\/redaction-de-propositions-et-developpement-des-affaires-pour-les-ong\/\",\"name\":\"R\u00e9daction de Propositions et D\u00e9veloppement des Affaires Pour les ONG - GHI Academy - GHLAD\",\"isPartOf\":{\"@id\":\"https:\/\/ghi.aub.edu.lb\/GHLAD\/#website\"},\"primaryImageOfPage\":{\"@id\":\"https:\/\/ghi.aub.edu.lb\/GHLAD\/shop\/redaction-de-propositions-et-developpement-des-affaires-pour-les-ong\/#primaryimage\"},\"image\":{\"@id\":\"https:\/\/ghi.aub.edu.lb\/GHLAD\/shop\/redaction-de-propositions-et-developpement-des-affaires-pour-les-ong\/#primaryimage\"},\"thumbnailUrl\":\"https:\/\/media-ghlad.ghi.aub.edu.lb\/wp-content\/uploads\/2023\/12\/11145924\/Proposal-writing-3.png\",\"datePublished\":\"2023-12-18T06:38:04+00:00\",\"dateModified\":\"2025-11-27T09:08:46+00:00\",\"breadcrumb\":{\"@id\":\"https:\/\/ghi.aub.edu.lb\/GHLAD\/shop\/redaction-de-propositions-et-developpement-des-affaires-pour-les-ong\/#breadcrumb\"},\"inLanguage\":\"en-US\",\"potentialAction\":[{\"@type\":\"ReadAction\",\"target\":[\"https:\/\/ghi.aub.edu.lb\/GHLAD\/shop\/redaction-de-propositions-et-developpement-des-affaires-pour-les-ong\/\"]}]},{\"@type\":\"ImageObject\",\"inLanguage\":\"en-US\",\"@id\":\"https:\/\/ghi.aub.edu.lb\/GHLAD\/shop\/redaction-de-propositions-et-developpement-des-affaires-pour-les-ong\/#primaryimage\",\"url\":\"https:\/\/media-ghlad.ghi.aub.edu.lb\/wp-content\/uploads\/2023\/12\/11145924\/Proposal-writing-3.png\",\"contentUrl\":\"https:\/\/media-ghlad.ghi.aub.edu.lb\/wp-content\/uploads\/2023\/12\/11145924\/Proposal-writing-3.png\",\"width\":600,\"height\":400},{\"@type\":\"BreadcrumbList\",\"@id\":\"https:\/\/ghi.aub.edu.lb\/GHLAD\/shop\/redaction-de-propositions-et-developpement-des-affaires-pour-les-ong\/#breadcrumb\",\"itemListElement\":[{\"@type\":\"ListItem\",\"position\":1,\"name\":\"Home\",\"item\":\"https:\/\/ghi.aub.edu.lb\/GHLAD\/\"},{\"@type\":\"ListItem\",\"position\":2,\"name\":\"Shop\",\"item\":\"https:\/\/ghi.aub.edu.lb\/GHLAD\/shop\/\"},{\"@type\":\"ListItem\",\"position\":3,\"name\":\"R\u00e9daction de Propositions et D\u00e9veloppement des Affaires Pour les ONG\"}]},{\"@type\":\"WebSite\",\"@id\":\"https:\/\/ghi.aub.edu.lb\/GHLAD\/#website\",\"url\":\"https:\/\/ghi.aub.edu.lb\/GHLAD\/\",\"name\":\"GHI Academy - GHLAD\",\"description\":\"Global Health Learning and Development Platform\",\"publisher\":{\"@id\":\"https:\/\/ghi.aub.edu.lb\/GHLAD\/#organization\"},\"alternateName\":\"GHI Academy - GHLAD\",\"potentialAction\":[{\"@type\":\"SearchAction\",\"target\":{\"@type\":\"EntryPoint\",\"urlTemplate\":\"https:\/\/ghi.aub.edu.lb\/GHLAD\/?s={search_term_string}\"},\"query-input\":{\"@type\":\"PropertyValueSpecification\",\"valueRequired\":true,\"valueName\":\"search_term_string\"}}],\"inLanguage\":\"en-US\"},{\"@type\":\"Organization\",\"@id\":\"https:\/\/ghi.aub.edu.lb\/GHLAD\/#organization\",\"name\":\"Global Health Institute\",\"url\":\"https:\/\/ghi.aub.edu.lb\/GHLAD\/\",\"logo\":{\"@type\":\"ImageObject\",\"inLanguage\":\"en-US\",\"@id\":\"https:\/\/ghi.aub.edu.lb\/GHLAD\/#\/schema\/logo\/image\/\",\"url\":\"https:\/\/media-ghlad.ghi.aub.edu.lb\/wp-content\/uploads\/2023\/05\/12142923\/GHLAD-NEW-LOGO-4.png\",\"contentUrl\":\"https:\/\/media-ghlad.ghi.aub.edu.lb\/wp-content\/uploads\/2023\/05\/12142923\/GHLAD-NEW-LOGO-4.png\",\"width\":700,\"height\":200,\"caption\":\"Global Health Institute\"},\"image\":{\"@id\":\"https:\/\/ghi.aub.edu.lb\/GHLAD\/#\/schema\/logo\/image\/\"},\"sameAs\":[\"https:\/\/www.facebook.com\/ghiaub\",\"https:\/\/x.com\/ghiaub\",\"https:\/\/www.instagram.com\/ghi_aub\/?hl=en\",\"https:\/\/www.youtube.com\/channel\/UCZEIADpsKmw84HFfRqhZ7PQ\",\"https:\/\/www.instagram.com\/ghiaub\/\",\"https:\/\/www.linkedin.com\/company\/ghiaub\/\"]}]}<\/script>\n<!-- \/ Yoast SEO plugin. -->","yoast_head_json":{"title":"R\u00e9daction de Propositions et D\u00e9veloppement des Affaires Pour les ONG - GHI Academy - GHLAD","robots":{"index":"index","follow":"follow","max-snippet":"max-snippet:-1","max-image-preview":"max-image-preview:large","max-video-preview":"max-video-preview:-1"},"canonical":"https:\/\/ghi.aub.edu.lb\/GHLAD\/shop\/redaction-de-propositions-et-developpement-des-affaires-pour-les-ong\/","og_locale":"en_US","og_type":"article","og_title":"R\u00e9daction de Propositions et D\u00e9veloppement des Affaires Pour les ONG - GHI Academy - GHLAD","og_description":"Ce cours vise \u00e0 fournir aux participants les connaissances et les comp\u00e9tences n\u00e9cessaires pour r\u00e9diger des propositions comp\u00e9titives et des budgets d\u00e9taill\u00e9s. Le cours souligne \u00e9galement le r\u00f4le des subventions en tant que principales sources de financement dans le processus [&hellip;]","og_url":"https:\/\/ghi.aub.edu.lb\/GHLAD\/shop\/redaction-de-propositions-et-developpement-des-affaires-pour-les-ong\/","og_site_name":"GHI Academy - GHLAD","article_publisher":"https:\/\/www.facebook.com\/ghiaub","article_modified_time":"2025-11-27T09:08:46+00:00","og_image":[{"width":600,"height":400,"url":"https:\/\/media-ghlad.ghi.aub.edu.lb\/wp-content\/uploads\/2023\/12\/11145924\/Proposal-writing-3.png","type":"image\/png"}],"twitter_card":"summary_large_image","twitter_site":"@ghiaub","twitter_misc":{"Est. reading time":"1 minute"},"schema":{"@context":"https:\/\/schema.org","@graph":[{"@type":"WebPage","@id":"https:\/\/ghi.aub.edu.lb\/GHLAD\/shop\/redaction-de-propositions-et-developpement-des-affaires-pour-les-ong\/","url":"https:\/\/ghi.aub.edu.lb\/GHLAD\/shop\/redaction-de-propositions-et-developpement-des-affaires-pour-les-ong\/","name":"R\u00e9daction de Propositions et D\u00e9veloppement des Affaires Pour les ONG - GHI Academy - GHLAD","isPartOf":{"@id":"https:\/\/ghi.aub.edu.lb\/GHLAD\/#website"},"primaryImageOfPage":{"@id":"https:\/\/ghi.aub.edu.lb\/GHLAD\/shop\/redaction-de-propositions-et-developpement-des-affaires-pour-les-ong\/#primaryimage"},"image":{"@id":"https:\/\/ghi.aub.edu.lb\/GHLAD\/shop\/redaction-de-propositions-et-developpement-des-affaires-pour-les-ong\/#primaryimage"},"thumbnailUrl":"https:\/\/media-ghlad.ghi.aub.edu.lb\/wp-content\/uploads\/2023\/12\/11145924\/Proposal-writing-3.png","datePublished":"2023-12-18T06:38:04+00:00","dateModified":"2025-11-27T09:08:46+00:00","breadcrumb":{"@id":"https:\/\/ghi.aub.edu.lb\/GHLAD\/shop\/redaction-de-propositions-et-developpement-des-affaires-pour-les-ong\/#breadcrumb"},"inLanguage":"en-US","potentialAction":[{"@type":"ReadAction","target":["https:\/\/ghi.aub.edu.lb\/GHLAD\/shop\/redaction-de-propositions-et-developpement-des-affaires-pour-les-ong\/"]}]},{"@type":"ImageObject","inLanguage":"en-US","@id":"https:\/\/ghi.aub.edu.lb\/GHLAD\/shop\/redaction-de-propositions-et-developpement-des-affaires-pour-les-ong\/#primaryimage","url":"https:\/\/media-ghlad.ghi.aub.edu.lb\/wp-content\/uploads\/2023\/12\/11145924\/Proposal-writing-3.png","contentUrl":"https:\/\/media-ghlad.ghi.aub.edu.lb\/wp-content\/uploads\/2023\/12\/11145924\/Proposal-writing-3.png","width":600,"height":400},{"@type":"BreadcrumbList","@id":"https:\/\/ghi.aub.edu.lb\/GHLAD\/shop\/redaction-de-propositions-et-developpement-des-affaires-pour-les-ong\/#breadcrumb","itemListElement":[{"@type":"ListItem","position":1,"name":"Home","item":"https:\/\/ghi.aub.edu.lb\/GHLAD\/"},{"@type":"ListItem","position":2,"name":"Shop","item":"https:\/\/ghi.aub.edu.lb\/GHLAD\/shop\/"},{"@type":"ListItem","position":3,"name":"R\u00e9daction de Propositions et D\u00e9veloppement des Affaires Pour les ONG"}]},{"@type":"WebSite","@id":"https:\/\/ghi.aub.edu.lb\/GHLAD\/#website","url":"https:\/\/ghi.aub.edu.lb\/GHLAD\/","name":"GHI Academy - GHLAD","description":"Global Health Learning and Development Platform","publisher":{"@id":"https:\/\/ghi.aub.edu.lb\/GHLAD\/#organization"},"alternateName":"GHI Academy - GHLAD","potentialAction":[{"@type":"SearchAction","target":{"@type":"EntryPoint","urlTemplate":"https:\/\/ghi.aub.edu.lb\/GHLAD\/?s={search_term_string}"},"query-input":{"@type":"PropertyValueSpecification","valueRequired":true,"valueName":"search_term_string"}}],"inLanguage":"en-US"},{"@type":"Organization","@id":"https:\/\/ghi.aub.edu.lb\/GHLAD\/#organization","name":"Global Health Institute","url":"https:\/\/ghi.aub.edu.lb\/GHLAD\/","logo":{"@type":"ImageObject","inLanguage":"en-US","@id":"https:\/\/ghi.aub.edu.lb\/GHLAD\/#\/schema\/logo\/image\/","url":"https:\/\/media-ghlad.ghi.aub.edu.lb\/wp-content\/uploads\/2023\/05\/12142923\/GHLAD-NEW-LOGO-4.png","contentUrl":"https:\/\/media-ghlad.ghi.aub.edu.lb\/wp-content\/uploads\/2023\/05\/12142923\/GHLAD-NEW-LOGO-4.png","width":700,"height":200,"caption":"Global Health Institute"},"image":{"@id":"https:\/\/ghi.aub.edu.lb\/GHLAD\/#\/schema\/logo\/image\/"},"sameAs":["https:\/\/www.facebook.com\/ghiaub","https:\/\/x.com\/ghiaub","https:\/\/www.instagram.com\/ghi_aub\/?hl=en","https:\/\/www.youtube.com\/channel\/UCZEIADpsKmw84HFfRqhZ7PQ","https:\/\/www.instagram.com\/ghiaub\/","https:\/\/www.linkedin.com\/company\/ghiaub\/"]}]}},"_links":{"self":[{"href":"https:\/\/ghi.aub.edu.lb\/GHLAD\/wp-json\/wp\/v2\/product\/45239","targetHints":{"allow":["GET"]}}],"collection":[{"href":"https:\/\/ghi.aub.edu.lb\/GHLAD\/wp-json\/wp\/v2\/product"}],"about":[{"href":"https:\/\/ghi.aub.edu.lb\/GHLAD\/wp-json\/wp\/v2\/types\/product"}],"wp:featuredmedia":[{"embeddable":true,"href":"https:\/\/ghi.aub.edu.lb\/GHLAD\/wp-json\/wp\/v2\/media\/46365"}],"wp:attachment":[{"href":"https:\/\/ghi.aub.edu.lb\/GHLAD\/wp-json\/wp\/v2\/media?parent=45239"}],"wp:term":[{"taxonomy":"product_brand","embeddable":true,"href":"https:\/\/ghi.aub.edu.lb\/GHLAD\/wp-json\/wp\/v2\/product_brand?post=45239"},{"taxonomy":"product_cat","embeddable":true,"href":"https:\/\/ghi.aub.edu.lb\/GHLAD\/wp-json\/wp\/v2\/product_cat?post=45239"},{"taxonomy":"product_tag","embeddable":true,"href":"https:\/\/ghi.aub.edu.lb\/GHLAD\/wp-json\/wp\/v2\/product_tag?post=45239"}],"curies":[{"name":"wp","href":"https:\/\/api.w.org\/{rel}","templated":true}]}}