
{"id":45234,"date":"2023-12-18T07:40:59","date_gmt":"2023-12-18T04:40:59","guid":{"rendered":"https:\/\/ghi.aub.edu.lb\/GHLAD\/?post_type=product&#038;p=45234"},"modified":"2025-11-27T12:08:48","modified_gmt":"2025-11-27T09:08:48","slug":"pratiquer-la-gestion-des-ressources-humaines-dans-des-contextes-incertains-applications-au-niveau-du-secteur-des-ong","status":"publish","type":"product","link":"https:\/\/ghi.aub.edu.lb\/GHLAD\/shop\/pratiquer-la-gestion-des-ressources-humaines-dans-des-contextes-incertains-applications-au-niveau-du-secteur-des-ong\/","title":{"rendered":"Pratiquer La Gestion des Ressources Humaines Dans des Contextes Incertains : Applications au Niveau du Secteur des ONG"},"content":{"rendered":"<p>Ce cours fournit aux professionnels une compr\u00e9hension globale des d\u00e9fis au niveau de la gestion des ressources humaines lors de la gestion des talents dans un contexte en constante \u00e9volution. En explorant comment les facteurs externes peuvent avoir un impact significatif sur les Organisation Non Gouvernementale (ONG), les professionnels obtiendront des informations pr\u00e9cieuses sur les comp\u00e9tences et les strat\u00e9gies n\u00e9cessaires afin de relever efficacement ces d\u00e9fis tout en \u00e9quilibrant les besoins des employ\u00e9s avec ceux de l&#8217;organisation.<\/p>\n","protected":false},"excerpt":{"rendered":"<p>Ce cours fournit aux professionnels une compr\u00e9hension globale des d\u00e9fis au niveau de la gestion des ressources humaines lors de la gestion des talents dans un contexte en constante \u00e9volution. En explorant comment les facteurs externes peuvent avoir un impact [&hellip;]<\/p>\n","protected":false},"featured_media":46362,"template":"","meta":{"_acf_changed":false,"_monsterinsights_skip_tracking":false,"_monsterinsights_sitenote_active":false,"_monsterinsights_sitenote_note":"","_monsterinsights_sitenote_category":0},"product_brand":[],"product_cat":[252,249,236,141,246],"product_tag":[229],"class_list":["product","first","instock","featured","downloadable","virtual","sold-individually","purchasable","product-type-simple"],"acf":[],"yoast_head":"<!-- This site is optimized with the Yoast SEO plugin v25.5 - https:\/\/yoast.com\/wordpress\/plugins\/seo\/ -->\n<title>Pratiquer La Gestion des Ressources Humaines Dans des Contextes Incertains : Applications au Niveau du Secteur des ONG - GHI Academy - GHLAD<\/title>\n<meta name=\"robots\" content=\"index, follow, max-snippet:-1, max-image-preview:large, max-video-preview:-1\" \/>\n<link rel=\"canonical\" href=\"https:\/\/ghi.aub.edu.lb\/GHLAD\/shop\/pratiquer-la-gestion-des-ressources-humaines-dans-des-contextes-incertains-applications-au-niveau-du-secteur-des-ong\/\" \/>\n<meta property=\"og:locale\" content=\"en_US\" \/>\n<meta property=\"og:type\" content=\"article\" \/>\n<meta property=\"og:title\" content=\"Pratiquer La Gestion des Ressources Humaines Dans des Contextes Incertains : Applications au Niveau du Secteur des ONG - GHI Academy - GHLAD\" \/>\n<meta property=\"og:description\" content=\"Ce cours fournit aux professionnels une compr\u00e9hension globale des d\u00e9fis au niveau de la gestion des ressources humaines lors de la gestion des talents dans un contexte en constante \u00e9volution. En explorant comment les facteurs externes peuvent avoir un impact [&hellip;]\" \/>\n<meta property=\"og:url\" content=\"https:\/\/ghi.aub.edu.lb\/GHLAD\/shop\/pratiquer-la-gestion-des-ressources-humaines-dans-des-contextes-incertains-applications-au-niveau-du-secteur-des-ong\/\" \/>\n<meta property=\"og:site_name\" content=\"GHI Academy - GHLAD\" \/>\n<meta property=\"article:publisher\" content=\"https:\/\/www.facebook.com\/ghiaub\" \/>\n<meta property=\"article:modified_time\" content=\"2025-11-27T09:08:48+00:00\" \/>\n<meta property=\"og:image\" content=\"https:\/\/media-ghlad.ghi.aub.edu.lb\/wp-content\/uploads\/2023\/12\/11145529\/HRM-3.png\" \/>\n\t<meta property=\"og:image:width\" content=\"600\" \/>\n\t<meta property=\"og:image:height\" content=\"400\" \/>\n\t<meta property=\"og:image:type\" content=\"image\/png\" \/>\n<meta name=\"twitter:card\" content=\"summary_large_image\" \/>\n<meta name=\"twitter:site\" content=\"@ghiaub\" \/>\n<meta name=\"twitter:label1\" content=\"Est. reading time\" \/>\n\t<meta name=\"twitter:data1\" content=\"1 minute\" \/>\n<script type=\"application\/ld+json\" class=\"yoast-schema-graph\">{\"@context\":\"https:\/\/schema.org\",\"@graph\":[{\"@type\":\"WebPage\",\"@id\":\"https:\/\/ghi.aub.edu.lb\/GHLAD\/shop\/pratiquer-la-gestion-des-ressources-humaines-dans-des-contextes-incertains-applications-au-niveau-du-secteur-des-ong\/\",\"url\":\"https:\/\/ghi.aub.edu.lb\/GHLAD\/shop\/pratiquer-la-gestion-des-ressources-humaines-dans-des-contextes-incertains-applications-au-niveau-du-secteur-des-ong\/\",\"name\":\"Pratiquer La Gestion des Ressources Humaines Dans des Contextes Incertains : Applications au Niveau du Secteur des ONG - GHI Academy - GHLAD\",\"isPartOf\":{\"@id\":\"https:\/\/ghi.aub.edu.lb\/GHLAD\/#website\"},\"primaryImageOfPage\":{\"@id\":\"https:\/\/ghi.aub.edu.lb\/GHLAD\/shop\/pratiquer-la-gestion-des-ressources-humaines-dans-des-contextes-incertains-applications-au-niveau-du-secteur-des-ong\/#primaryimage\"},\"image\":{\"@id\":\"https:\/\/ghi.aub.edu.lb\/GHLAD\/shop\/pratiquer-la-gestion-des-ressources-humaines-dans-des-contextes-incertains-applications-au-niveau-du-secteur-des-ong\/#primaryimage\"},\"thumbnailUrl\":\"https:\/\/media-ghlad.ghi.aub.edu.lb\/wp-content\/uploads\/2023\/12\/11145529\/HRM-3.png\",\"datePublished\":\"2023-12-18T04:40:59+00:00\",\"dateModified\":\"2025-11-27T09:08:48+00:00\",\"breadcrumb\":{\"@id\":\"https:\/\/ghi.aub.edu.lb\/GHLAD\/shop\/pratiquer-la-gestion-des-ressources-humaines-dans-des-contextes-incertains-applications-au-niveau-du-secteur-des-ong\/#breadcrumb\"},\"inLanguage\":\"en-US\",\"potentialAction\":[{\"@type\":\"ReadAction\",\"target\":[\"https:\/\/ghi.aub.edu.lb\/GHLAD\/shop\/pratiquer-la-gestion-des-ressources-humaines-dans-des-contextes-incertains-applications-au-niveau-du-secteur-des-ong\/\"]}]},{\"@type\":\"ImageObject\",\"inLanguage\":\"en-US\",\"@id\":\"https:\/\/ghi.aub.edu.lb\/GHLAD\/shop\/pratiquer-la-gestion-des-ressources-humaines-dans-des-contextes-incertains-applications-au-niveau-du-secteur-des-ong\/#primaryimage\",\"url\":\"https:\/\/media-ghlad.ghi.aub.edu.lb\/wp-content\/uploads\/2023\/12\/11145529\/HRM-3.png\",\"contentUrl\":\"https:\/\/media-ghlad.ghi.aub.edu.lb\/wp-content\/uploads\/2023\/12\/11145529\/HRM-3.png\",\"width\":600,\"height\":400},{\"@type\":\"BreadcrumbList\",\"@id\":\"https:\/\/ghi.aub.edu.lb\/GHLAD\/shop\/pratiquer-la-gestion-des-ressources-humaines-dans-des-contextes-incertains-applications-au-niveau-du-secteur-des-ong\/#breadcrumb\",\"itemListElement\":[{\"@type\":\"ListItem\",\"position\":1,\"name\":\"Home\",\"item\":\"https:\/\/ghi.aub.edu.lb\/GHLAD\/\"},{\"@type\":\"ListItem\",\"position\":2,\"name\":\"Shop\",\"item\":\"https:\/\/ghi.aub.edu.lb\/GHLAD\/shop\/\"},{\"@type\":\"ListItem\",\"position\":3,\"name\":\"Pratiquer La Gestion des Ressources Humaines Dans des Contextes Incertains : Applications au Niveau du Secteur des ONG\"}]},{\"@type\":\"WebSite\",\"@id\":\"https:\/\/ghi.aub.edu.lb\/GHLAD\/#website\",\"url\":\"https:\/\/ghi.aub.edu.lb\/GHLAD\/\",\"name\":\"GHI Academy - GHLAD\",\"description\":\"Global Health Learning and Development Platform\",\"publisher\":{\"@id\":\"https:\/\/ghi.aub.edu.lb\/GHLAD\/#organization\"},\"alternateName\":\"GHI Academy - GHLAD\",\"potentialAction\":[{\"@type\":\"SearchAction\",\"target\":{\"@type\":\"EntryPoint\",\"urlTemplate\":\"https:\/\/ghi.aub.edu.lb\/GHLAD\/?s={search_term_string}\"},\"query-input\":{\"@type\":\"PropertyValueSpecification\",\"valueRequired\":true,\"valueName\":\"search_term_string\"}}],\"inLanguage\":\"en-US\"},{\"@type\":\"Organization\",\"@id\":\"https:\/\/ghi.aub.edu.lb\/GHLAD\/#organization\",\"name\":\"Global Health Institute\",\"url\":\"https:\/\/ghi.aub.edu.lb\/GHLAD\/\",\"logo\":{\"@type\":\"ImageObject\",\"inLanguage\":\"en-US\",\"@id\":\"https:\/\/ghi.aub.edu.lb\/GHLAD\/#\/schema\/logo\/image\/\",\"url\":\"https:\/\/media-ghlad.ghi.aub.edu.lb\/wp-content\/uploads\/2023\/05\/12142923\/GHLAD-NEW-LOGO-4.png\",\"contentUrl\":\"https:\/\/media-ghlad.ghi.aub.edu.lb\/wp-content\/uploads\/2023\/05\/12142923\/GHLAD-NEW-LOGO-4.png\",\"width\":700,\"height\":200,\"caption\":\"Global Health Institute\"},\"image\":{\"@id\":\"https:\/\/ghi.aub.edu.lb\/GHLAD\/#\/schema\/logo\/image\/\"},\"sameAs\":[\"https:\/\/www.facebook.com\/ghiaub\",\"https:\/\/x.com\/ghiaub\",\"https:\/\/www.instagram.com\/ghi_aub\/?hl=en\",\"https:\/\/www.youtube.com\/channel\/UCZEIADpsKmw84HFfRqhZ7PQ\",\"https:\/\/www.instagram.com\/ghiaub\/\",\"https:\/\/www.linkedin.com\/company\/ghiaub\/\"]}]}<\/script>\n<!-- \/ Yoast SEO plugin. -->","yoast_head_json":{"title":"Pratiquer La Gestion des Ressources Humaines Dans des Contextes Incertains : Applications au Niveau du Secteur des ONG - GHI Academy - GHLAD","robots":{"index":"index","follow":"follow","max-snippet":"max-snippet:-1","max-image-preview":"max-image-preview:large","max-video-preview":"max-video-preview:-1"},"canonical":"https:\/\/ghi.aub.edu.lb\/GHLAD\/shop\/pratiquer-la-gestion-des-ressources-humaines-dans-des-contextes-incertains-applications-au-niveau-du-secteur-des-ong\/","og_locale":"en_US","og_type":"article","og_title":"Pratiquer La Gestion des Ressources Humaines Dans des Contextes Incertains : Applications au Niveau du Secteur des ONG - GHI Academy - GHLAD","og_description":"Ce cours fournit aux professionnels une compr\u00e9hension globale des d\u00e9fis au niveau de la gestion des ressources humaines lors de la gestion des talents dans un contexte en constante \u00e9volution. En explorant comment les facteurs externes peuvent avoir un impact [&hellip;]","og_url":"https:\/\/ghi.aub.edu.lb\/GHLAD\/shop\/pratiquer-la-gestion-des-ressources-humaines-dans-des-contextes-incertains-applications-au-niveau-du-secteur-des-ong\/","og_site_name":"GHI Academy - GHLAD","article_publisher":"https:\/\/www.facebook.com\/ghiaub","article_modified_time":"2025-11-27T09:08:48+00:00","og_image":[{"width":600,"height":400,"url":"https:\/\/media-ghlad.ghi.aub.edu.lb\/wp-content\/uploads\/2023\/12\/11145529\/HRM-3.png","type":"image\/png"}],"twitter_card":"summary_large_image","twitter_site":"@ghiaub","twitter_misc":{"Est. reading time":"1 minute"},"schema":{"@context":"https:\/\/schema.org","@graph":[{"@type":"WebPage","@id":"https:\/\/ghi.aub.edu.lb\/GHLAD\/shop\/pratiquer-la-gestion-des-ressources-humaines-dans-des-contextes-incertains-applications-au-niveau-du-secteur-des-ong\/","url":"https:\/\/ghi.aub.edu.lb\/GHLAD\/shop\/pratiquer-la-gestion-des-ressources-humaines-dans-des-contextes-incertains-applications-au-niveau-du-secteur-des-ong\/","name":"Pratiquer La Gestion des Ressources Humaines Dans des Contextes Incertains : Applications au Niveau du Secteur des ONG - GHI Academy - GHLAD","isPartOf":{"@id":"https:\/\/ghi.aub.edu.lb\/GHLAD\/#website"},"primaryImageOfPage":{"@id":"https:\/\/ghi.aub.edu.lb\/GHLAD\/shop\/pratiquer-la-gestion-des-ressources-humaines-dans-des-contextes-incertains-applications-au-niveau-du-secteur-des-ong\/#primaryimage"},"image":{"@id":"https:\/\/ghi.aub.edu.lb\/GHLAD\/shop\/pratiquer-la-gestion-des-ressources-humaines-dans-des-contextes-incertains-applications-au-niveau-du-secteur-des-ong\/#primaryimage"},"thumbnailUrl":"https:\/\/media-ghlad.ghi.aub.edu.lb\/wp-content\/uploads\/2023\/12\/11145529\/HRM-3.png","datePublished":"2023-12-18T04:40:59+00:00","dateModified":"2025-11-27T09:08:48+00:00","breadcrumb":{"@id":"https:\/\/ghi.aub.edu.lb\/GHLAD\/shop\/pratiquer-la-gestion-des-ressources-humaines-dans-des-contextes-incertains-applications-au-niveau-du-secteur-des-ong\/#breadcrumb"},"inLanguage":"en-US","potentialAction":[{"@type":"ReadAction","target":["https:\/\/ghi.aub.edu.lb\/GHLAD\/shop\/pratiquer-la-gestion-des-ressources-humaines-dans-des-contextes-incertains-applications-au-niveau-du-secteur-des-ong\/"]}]},{"@type":"ImageObject","inLanguage":"en-US","@id":"https:\/\/ghi.aub.edu.lb\/GHLAD\/shop\/pratiquer-la-gestion-des-ressources-humaines-dans-des-contextes-incertains-applications-au-niveau-du-secteur-des-ong\/#primaryimage","url":"https:\/\/media-ghlad.ghi.aub.edu.lb\/wp-content\/uploads\/2023\/12\/11145529\/HRM-3.png","contentUrl":"https:\/\/media-ghlad.ghi.aub.edu.lb\/wp-content\/uploads\/2023\/12\/11145529\/HRM-3.png","width":600,"height":400},{"@type":"BreadcrumbList","@id":"https:\/\/ghi.aub.edu.lb\/GHLAD\/shop\/pratiquer-la-gestion-des-ressources-humaines-dans-des-contextes-incertains-applications-au-niveau-du-secteur-des-ong\/#breadcrumb","itemListElement":[{"@type":"ListItem","position":1,"name":"Home","item":"https:\/\/ghi.aub.edu.lb\/GHLAD\/"},{"@type":"ListItem","position":2,"name":"Shop","item":"https:\/\/ghi.aub.edu.lb\/GHLAD\/shop\/"},{"@type":"ListItem","position":3,"name":"Pratiquer La Gestion des Ressources Humaines Dans des Contextes Incertains : Applications au Niveau du Secteur des ONG"}]},{"@type":"WebSite","@id":"https:\/\/ghi.aub.edu.lb\/GHLAD\/#website","url":"https:\/\/ghi.aub.edu.lb\/GHLAD\/","name":"GHI Academy - GHLAD","description":"Global Health Learning and Development Platform","publisher":{"@id":"https:\/\/ghi.aub.edu.lb\/GHLAD\/#organization"},"alternateName":"GHI Academy - GHLAD","potentialAction":[{"@type":"SearchAction","target":{"@type":"EntryPoint","urlTemplate":"https:\/\/ghi.aub.edu.lb\/GHLAD\/?s={search_term_string}"},"query-input":{"@type":"PropertyValueSpecification","valueRequired":true,"valueName":"search_term_string"}}],"inLanguage":"en-US"},{"@type":"Organization","@id":"https:\/\/ghi.aub.edu.lb\/GHLAD\/#organization","name":"Global Health Institute","url":"https:\/\/ghi.aub.edu.lb\/GHLAD\/","logo":{"@type":"ImageObject","inLanguage":"en-US","@id":"https:\/\/ghi.aub.edu.lb\/GHLAD\/#\/schema\/logo\/image\/","url":"https:\/\/media-ghlad.ghi.aub.edu.lb\/wp-content\/uploads\/2023\/05\/12142923\/GHLAD-NEW-LOGO-4.png","contentUrl":"https:\/\/media-ghlad.ghi.aub.edu.lb\/wp-content\/uploads\/2023\/05\/12142923\/GHLAD-NEW-LOGO-4.png","width":700,"height":200,"caption":"Global Health Institute"},"image":{"@id":"https:\/\/ghi.aub.edu.lb\/GHLAD\/#\/schema\/logo\/image\/"},"sameAs":["https:\/\/www.facebook.com\/ghiaub","https:\/\/x.com\/ghiaub","https:\/\/www.instagram.com\/ghi_aub\/?hl=en","https:\/\/www.youtube.com\/channel\/UCZEIADpsKmw84HFfRqhZ7PQ","https:\/\/www.instagram.com\/ghiaub\/","https:\/\/www.linkedin.com\/company\/ghiaub\/"]}]}},"_links":{"self":[{"href":"https:\/\/ghi.aub.edu.lb\/GHLAD\/wp-json\/wp\/v2\/product\/45234","targetHints":{"allow":["GET"]}}],"collection":[{"href":"https:\/\/ghi.aub.edu.lb\/GHLAD\/wp-json\/wp\/v2\/product"}],"about":[{"href":"https:\/\/ghi.aub.edu.lb\/GHLAD\/wp-json\/wp\/v2\/types\/product"}],"wp:featuredmedia":[{"embeddable":true,"href":"https:\/\/ghi.aub.edu.lb\/GHLAD\/wp-json\/wp\/v2\/media\/46362"}],"wp:attachment":[{"href":"https:\/\/ghi.aub.edu.lb\/GHLAD\/wp-json\/wp\/v2\/media?parent=45234"}],"wp:term":[{"taxonomy":"product_brand","embeddable":true,"href":"https:\/\/ghi.aub.edu.lb\/GHLAD\/wp-json\/wp\/v2\/product_brand?post=45234"},{"taxonomy":"product_cat","embeddable":true,"href":"https:\/\/ghi.aub.edu.lb\/GHLAD\/wp-json\/wp\/v2\/product_cat?post=45234"},{"taxonomy":"product_tag","embeddable":true,"href":"https:\/\/ghi.aub.edu.lb\/GHLAD\/wp-json\/wp\/v2\/product_tag?post=45234"}],"curies":[{"name":"wp","href":"https:\/\/api.w.org\/{rel}","templated":true}]}}